{"id":1380,"date":"2023-11-02T10:23:13","date_gmt":"2023-11-02T14:23:13","guid":{"rendered":"https:\/\/high.igrhost.com\/?page_id=1380"},"modified":"2025-12-17T09:13:59","modified_gmt":"2025-12-17T14:13:59","slug":"politique-de-confidentialite","status":"publish","type":"page","link":"https:\/\/www.highnoonspirits.ca\/fr\/politique-de-confidentialite\/","title":{"rendered":"Politique de confidentialit\u00e9"},"content":{"rendered":"\n<p><em>Date d\u2019entr\u00e9e&nbsp;en&nbsp;vigueur&nbsp;: Octobre\u202f2025<\/em><\/p>\n\n\n\n<h2 class=\"wp-block-heading\">\u00c0 propos de la pr\u00e9sente politique de confidentialit\u00e9<\/h2>\n\n\n\n<p>Ce site web appartient \u00e0 E.\u202f&amp; J.\u202fGallo Winery Canada Ltd. (\u00ab\u202fnous\u202f\u00bb, \u00ab\u202fnotre\u202f\u00bb, \u00ab\u202fnos\u202f\u00bb ou \u00ab\u202fGallo\u202f\u00bb).<\/p>\n\n\n\n<p>Nous avons \u00e9labor\u00e9 la pr\u00e9sente politique de confidentialit\u00e9 pour vous informer de la fa\u00e7on dont nous recueillons, utilisons et divulguons les donn\u00e9es personnelles des r\u00e9sidents du Canada par l\u2019interm\u00e9diaire de ce site web, conform\u00e9ment aux lois nationales et provinciales sur la confidentialit\u00e9 des donn\u00e9es. Toutes les r\u00e9f\u00e9rences faites \u00e0 notre \u00ab\u202fsite web\u202f\u00bb dans la pr\u00e9sente politique de confidentialit\u00e9 englobent nos microsites affili\u00e9s li\u00e9s \u00e0 notre site web, ainsi que toutes les applications mobiles affili\u00e9es. Bien que notre site web ou d\u2019autres plateformes puissent inclure des liens ou des r\u00e9f\u00e9rences \u00e0 des sites web, pages, plateformes ou entit\u00e9s autres que ceux de Gallo, la pr\u00e9sente politique de confidentialit\u00e9 ne s\u2019applique pas \u00e0 ces sites, pages, plateformes et entit\u00e9s, sauf indication contraire.<\/p>\n\n\n\n<p>La pr\u00e9sente politique de confidentialit\u00e9 ne s\u2019applique pas aux employ\u00e9s, aux candidats \u00e0 l\u2019emploi, fournisseurs, distributeurs ou contacts commerciaux de Gallo, sauf lorsque ceux-ci agissent \u00e0 titre de \u00ab\u202fclients\u202f\u00bb. Dans toutes les autres circonstances, d\u2019autres politiques sont applicables. La pr\u00e9sente politique de confidentialit\u00e9 ne s\u2019applique pas non plus \u00e0 nos autres sites web qui sont r\u00e9gis par une politique de confidentialit\u00e9 distincte.<\/p>\n\n\n\n<p>Vous devez lire l\u2019int\u00e9gralit\u00e9 de la pr\u00e9sente politique de confidentialit\u00e9 avant de nous soumettre des renseignements par l\u2019entremise de notre site web ou d\u2019utiliser d\u2019une mani\u00e8re ou d\u2019une autre notre site web.<\/p>\n\n\n\n<h2 class=\"wp-block-heading\">Vous devez avoir l\u2019\u00e2ge l\u00e9gal de consommation d\u2019alcool pour \u00eatre autoris\u00e9 \u00e0 utiliser notre site web<\/h2>\n\n\n\n<p>\u00c9tant donn\u00e9 la nature de nos activit\u00e9s, notre site web est destin\u00e9 uniquement aux personnes ayant l\u2019\u00e2ge l\u00e9gal de consommation d\u2019alcool. Par cons\u00e9quent, pour les besoins de notre site web, nous ne demandons pas ni ne recueillons sciemment des donn\u00e9es personnelles des personnes n\u2019ayant pas l\u2019\u00e2ge l\u00e9gal de consommation d\u2019alcool dans votre province de r\u00e9sidence. Si vous n\u2019avez pas l\u2019\u00e2ge l\u00e9gal de consommation d\u2019alcool, vous ne devrez pas visiter ni utiliser notre site web.<\/p>\n\n\n\n<h2 class=\"wp-block-heading\">Comment communiquer avec nous<\/h2>\n\n\n\n<p>E.\u202f&amp;\u202fJ.\u202fGallo\u202fWinery\u202fCanada\u202fLtd. est le propri\u00e9taire du pr\u00e9sent site et de toutes les donn\u00e9es personnelles recueillies ou trait\u00e9es d\u2019une mani\u00e8re ou d\u2019une autre sur ledit site ou par son interm\u00e9diaire. Si vous avez des questions au sujet de la pr\u00e9sente politique de confidentialit\u00e9 ou des donn\u00e9es personnelles que nous d\u00e9tenons \u00e0 votre sujet, vous \u00eates invit\u00e9 \u00e0 communiquer avec nous en appelant notre Centre de relation avec les consommateurs en Californie au (code de pays\u202f1) 800\u202f750-8828, du lundi au vendredi de 8\u202fh \u00e0 17\u202fh, heure normale du Pacifique, et le samedi de 9\u202fh \u00e0 15\u202fh, heure normale du Pacifique, ou en nous envoyant un courriel \u00e0\u202f:\u202fDataPrivacy@ejgallo.com.\u202f<\/p>\n\n\n\n<h2 class=\"wp-block-heading\">Quels sont les objectifs et les fondements juridiques du traitement des donn\u00e9es personnelles recueillies par l\u2019interm\u00e9diaire de ce site web?<\/h2>\n\n\n\n<p>Nous traitons vos donn\u00e9es personnelles de la mani\u00e8re suivante pour\u202f:<\/p>\n\n\n\n<ul class=\"wp-block-list\">\n<li>r\u00e9pondre aux demandes de renseignements, questions, commentaires ou plaintes que vous soumettez par l\u2019interm\u00e9diaire du site web ou de notre num\u00e9ro de t\u00e9l\u00e9phone sans frais;<\/li>\n\n\n\n<li>communiquer avec vous au sujet des produits et services qui, selon nous, sont susceptibles de vous int\u00e9resser, y compris ceux li\u00e9s \u00e0 d\u2019autres marques Gallo, si vous choisissez de vous inscrire \u00e0 ces communications;<\/li>\n\n\n\n<li>vous informer des offres, rabais, coupons, promotions, concours, tirages de prix, activit\u00e9s, \u00e9v\u00e9nements ou clubs qui, selon nous, sont susceptibles de vous int\u00e9resser;<\/li>\n\n\n\n<li>vous r\u00e9pondre lorsque vous choisissez de participer \u00e0 nos promotions, concours, tirages de prix, activit\u00e9s ou \u00e9v\u00e9nements;<\/li>\n\n\n\n<li>vous envoyer des bulletins d\u2019information ou d\u2019autres communications que vous avez choisi de recevoir;<\/li>\n\n\n\n<li>des fins commerciales, comme l\u2019analyse de la fa\u00e7on dont vous utilisez nos sites web dans le but d\u2019am\u00e9liorer nos sites web, produits et services;<\/li>\n\n\n\n<li>vous informer des modifications apport\u00e9es \u00e0 la pr\u00e9sente politique de confidentialit\u00e9;<\/li>\n\n\n\n<li>combiner les donn\u00e9es personnelles que vous choisissez de nous envoyer avec d\u2019autres donn\u00e9es que nous pourrions d\u00e9tenir \u00e0 votre sujet, ou encore avec d\u2019autres donn\u00e9es que nous obtenons de la part de tiers;<\/li>\n\n\n\n<li>utiliser vos donn\u00e9es personnelles si nous sommes tenus \u00e0 nous conformer \u00e0 la loi, \u00e0 prot\u00e9ger nos droits l\u00e9gaux (ou les droits l\u00e9gaux de la marque Gallo) ou \u00e0 nous conformer \u00e0 tout organisme de r\u00e9glementation;<\/li>\n\n\n\n<li>faire le suivi de vos interactions avec nos sites web et vous offrir une exp\u00e9rience plus personnalis\u00e9e.<\/li>\n<\/ul>\n\n\n\n<p>Nous nous appuyons sur les bases suivantes pour traiter vos donn\u00e9es personnelles\u202f:<\/p>\n\n\n\n<ul class=\"wp-block-list\">\n<li><strong>N\u00e9cessit\u00e9 de conclure ou d\u2019ex\u00e9cuter un contrat avec vous<\/strong>\u202f:\u202florsque nous devons traiter vos donn\u00e9es personnelles pour conclure une entente avec vous, par exemple votre inscription \u00e0 un tirage ou \u00e0 un concours, pour ex\u00e9cuter des obligations contractuelles, pour r\u00e9pondre \u00e0 des questions, des requ\u00eates ou des commentaires de votre part ou pour fournir un soutien \u00e0 la client\u00e8le.<\/li>\n\n\n\n<li><strong>Int\u00e9r\u00eats l\u00e9gitimes\u202f<\/strong>:\u202florsque nous traitons les donn\u00e9es personnelles vous concernant\n<ul><li>pour assurer la s\u00e9curit\u00e9 et la s\u00fbret\u00e9 du site web et des utilisateurs dudit site web;<\/li>\n<li>pour d\u00e9tecter et pr\u00e9venir la fraude;<\/li>\n<li>pour prot\u00e9ger et d\u00e9fendre les droits ou la propri\u00e9t\u00e9 d\u2019autrui ou nos propres droits et int\u00e9r\u00eats;<\/li>\n<li>pour personnaliser le contenu, les publicit\u00e9s et les offres qui vous sont destin\u00e9s.<\/li><\/ul>\n<\/li>\n\n\n\n<li><strong>Conformit\u00e9 aux obligations juridiques<\/strong>\u202f:\u202fnous pourrions devoir traiter vos donn\u00e9es personnelles pour nous conformer aux lois pertinentes ainsi qu\u2019aux exigences r\u00e9glementaires, et pour r\u00e9pondre aux requ\u00eates l\u00e9gales, ordonnances des tribunaux et proc\u00e9dures judiciaires.<\/li>\n\n\n\n<li><strong>Votre consentement<\/strong>\u202f:\u202florsque nous vous envoyons des communications de marketing (voir la description ci-dessous) ou que nous pla\u00e7ons des t\u00e9moins sur votre appareil, sous r\u00e9serve de certaines exceptions, veuillez consulter la section intitul\u00e9e \u00ab\u202fT\u00e9moins\u202f\u00bb ci-dessous pour obtenir des renseignements d\u00e9taill\u00e9s sur notre utilisation des t\u00e9moins.<\/li>\n<\/ul>\n\n\n\n<h2 class=\"wp-block-heading\">Quelles donn\u00e9es personnelles recueillons-nous \u00e0 votre sujet?<\/h2>\n\n\n\n<ol class=\"wp-block-list\">\n<li><strong>Les donn\u00e9es personnelles que vous nous soumettez par l\u2019interm\u00e9diaire des coordonn\u00e9es indiqu\u00e9es sous la rubrique \u00ab\u202fNous joindre\u202f\u00bb, de notre num\u00e9ro de t\u00e9l\u00e9phone sans frais ou d\u2019autres formulaires web utilis\u00e9s pour les promotions, les concours et les inscriptions par courriel<\/strong>.<br>Sur notre site web, vous avez la possibilit\u00e9 de prendre contact avec nous pour poser une question ou soumettre une demande de renseignements, de vous inscrire pour recevoir des bulletins \u00e9lectroniques ou des informations similaires sur nos produits et services ou de participer \u00e0 certains concours, tirages de prix et autres promotions que nous offrons de temps \u00e0 autre. Vous avez \u00e9galement la possibilit\u00e9 de nous appeler \u00e0 notre num\u00e9ro de t\u00e9l\u00e9phone sans frais. Lorsque vous remplissez un formulaire en ligne, passez un appel t\u00e9l\u00e9phonique ou vous enregistrez, nous vous demandons de nous fournir certains renseignements, en g\u00e9n\u00e9ral votre nom, l\u2019adresse de courriel de la personne-ressource, votre date de naissance (afin de confirmer l\u2019\u00e2ge l\u00e9gal de consommation d\u2019alcool), votre num\u00e9ro de t\u00e9l\u00e9phone et\/ou votre adresse postale, le cas \u00e9ch\u00e9ant, dans le cadre d\u2019une promotion. <br>Au moment de la collecte de ces renseignements, nous indiquons ce qui est obligatoire (en g\u00e9n\u00e9ral au moins votre nom et votre adresse courriel) et ce qui est facultatif. Lorsque la loi l\u2019exige pour confirmer votre admissibilit\u00e9 \u00e0 participer, \u00e0 interagir avec nous ou \u00e0 acheter ou \u00e0 utiliser nos produits alcoolis\u00e9s, nous vous demanderons de confirmer votre \u00e2ge. Une telle collecte de donn\u00e9es a lieu dans les circonstances suivantes\u202f:<br><br><ul><li>lorsque vous acc\u00e9dez \u00e0 notre site web, si la loi nous oblige \u00e0 confirmer votre \u00e2ge avant de vous accorder un tel acc\u00e8s;<\/li><br><li>lorsque vous saisissez votre emplacement ou que vous utilisez notre fonction de recherche \u00ab\u202fO\u00f9 acheter\u202f\u00bb;<\/li><br><li>lorsque vous vous inscrivez pour recevoir notre bulletin d\u2019information ou nos autres communications;<\/li><br><li>lorsque vous vous inscrivez pour participer \u00e0 l\u2019un de nos \u00e9v\u00e9nements;<\/li><br><li>lorsque vous nous envoyez une demande de renseignements sur les produits susceptibles de vous int\u00e9resser;<\/li><br><li>lorsque vous participez \u00e0 des concours, \u00e0 des tirages au sort ou \u00e0 d\u2019autres promotions;<\/li><br><li>lorsque vous participez \u00e0 des sondages ou \u00e0 des \u00e9tudes de march\u00e9 et que vous nous fournissez des renseignements \u00e0 cet effet;<\/li><br><li>lorsque vous communiquez avec nous pour nous poser une question ou d\u00e9poser une plainte.<\/li><\/ul>Nous enregistrerons et conserverons la date et l\u2019heure de votre soumission.<\/li>\n\n\n\n<li><strong>Donn\u00e9es personnelles recueillies automatiquement<\/strong><br>Lorsque vous utilisez notre site web, nous recevons et enregistrons automatiquement certains renseignements techniques\u202f:<br> <ul><li>nous pourrions recueillir des renseignements aupr\u00e8s de vous concernant votre navigateur, l\u2019ordinateur ou l\u2019appareil mobile que vous utilisez et votre adresse IP;<\/li><br><li>nous pourrions recourir \u00e0 des t\u00e9moins, des balises, des pixels, des balises web et\/ou des technologies similaires pour recueillir des renseignements \u00e0 votre sujet, notamment des donn\u00e9es de parcours de navigation, des fichiers journaux et des journaux de serveur. Pour en savoir davantage sur la fa\u00e7on dont nous utilisons les t\u00e9moins, consultez la section intitul\u00e9e \u00ab\u202fT\u00e9moins\u202f\u00bb ci-dessous; et<\/li><br><li>nous pourrions recueillir des renseignements sur la fa\u00e7on dont vous utilisez l\u2019internet, tels que le site web que vous venez de visiter, ainsi que la date et l\u2019heure auxquelles vous utilisez nos sites web. Nous utilisons des t\u00e9moins tiers, tels que Google Analytics, pour faciliter notre t\u00e2che \u00e0 cet \u00e9gard.<\/li><\/ul><\/li>\n\n\n\n<li><strong>Donn\u00e9es personnelles recueillies aupr\u00e8s des tiers<\/strong><br>Nous pourrions recueillir des donn\u00e9es personnelles vous concernant aupr\u00e8s de tiers, y compris des sites web exploit\u00e9s par des tiers qui sont affili\u00e9s \u00e0 nous (par exemple, des microsites li\u00e9s \u00e0 notre site web et qui font la promotion de nos produits ou campagnes publicitaires).<\/li>\n<\/ol>\n\n\n\n<h2 class=\"wp-block-heading\">Avec qui partageons-nous vos donn\u00e9es personnelles?<\/h2>\n\n\n\n<p>Nous pourrions partager vos donn\u00e9es personnelles comme suit\u202f:<\/p>\n\n\n\n<ul class=\"wp-block-list\">\n<li>avec des tiers que nous avons engag\u00e9s pour mener certaines activit\u00e9s en notre nom. Parmi ces tiers, citons les entreprises que nous avons engag\u00e9es dans le but de faciliter la prestation des services de publicit\u00e9 et de marketing, ou les sous-traitants qui nous pr\u00eatent main-forte pour administrer les promotions et les concours ou traiter les demandes de renseignements et les plaintes des clients; et<\/li>\n\n\n\n<li>avec les autorit\u00e9s gouvernementales, les tribunaux et autres personnes si la loi nous y oblige, ou si nous pensons qu\u2019il est n\u00e9cessaire de nous conformer \u00e0 la loi ou afin de prot\u00e9ger ou de d\u00e9fendre nos droits l\u00e9gaux ou ceux d\u2019autres personnes.<\/li>\n<\/ul>\n\n\n\n<p>Nous pourrions \u00e9galement anonymiser vos donn\u00e9es personnelles de sorte qu\u2019il est impossible de vous identifier \u00e0 partir de celles-ci. Si tel devait \u00eatre le cas, nous pourrions les partager sous forme anonymis\u00e9e avec des tiers.<\/p>\n\n\n\n<h2 class=\"wp-block-heading\">T\u00e9moins<\/h2>\n\n\n\n<p>Comme c\u2019est le cas pour de nombreux sites web, nous pourrions recourir \u00e0 des t\u00e9moins et d\u2019autres moyens automatis\u00e9s de collecte de renseignements sur notre site web. Les t\u00e9moins sont des fichiers texte qui contiennent des renseignements vous concernant et qui sont envoy\u00e9s depuis notre site web vers votre navigateur ou votre disque dur pour y \u00eatre stock\u00e9s. Les t\u00e9moins vous font gagner du temps, car vous n\u2019avez pas besoin de toujours saisir manuellement les renseignements stock\u00e9s sur votre disque dur. Les t\u00e9moins nous aident \u00e9galement \u00e0 mettre \u00e0 niveau notre site web en nous indiquant quand et comment les utilisateurs utilisent notre site web. Si vous pr\u00e9f\u00e9rez refuser les t\u00e9moins qui ne sont pas strictement n\u00e9cessaires, veuillez utiliser le gestionnaire de consentement aux t\u00e9moins One Trust qui est accessible sur notre site. Veuillez noter que certaines fonctionnalit\u00e9s de notre site web pourraient ne pas fonctionner sans t\u00e9moins. Pour en savoir davantage sur les t\u00e9moins, veuillez visiter la Digital Advertising Association (Association des publicit\u00e9s num\u00e9riques) \u00e0 l\u2019adresse http:\/\/www.youradchoices.com\/ ou la Digital Advertising Association of Canada (Association des publicit\u00e9s num\u00e9riques du Canada) \u00e0 l\u2019adresse <a href=\"http:\/\/youradchoices.ca\/\" target=\"_blank\" rel=\"noreferrer noopener\">http:\/\/youradchoices.ca\/<\/a>.<\/p>\n\n\n\n<h2 class=\"wp-block-heading\">Transferts de vos donn\u00e9es personnelles vers les \u00e9tats-unis<\/h2>\n\n\n\n<p>Lorsque vous remplissez le formulaire web \u00ab\u202fNous joindre\u202f\u00bb sur notre site ou que vous appelez notre Centre de relation avec les consommateurs en Californie, vous nous transf\u00e9rez des donn\u00e9es personnelles aux \u00c9tats-Unis. Nous concluons, le cas \u00e9ch\u00e9ant, des accords de traitement des donn\u00e9es, de transfert de donn\u00e9es et d\u2019\u00e9valuation des r\u00e9percussions sur la confidentialit\u00e9 afin d\u2019assurer un niveau ad\u00e9quat de protection de vos donn\u00e9es personnelles. Ces accords renferment certaines dispositions qui prot\u00e8gent vos renseignements personnels.<\/p>\n\n\n\n<h2 class=\"wp-block-heading\">Pendant combien de temps conservons-nous vos donn\u00e9es personnelles?<\/h2>\n\n\n\n<p>Nous conservons vos donn\u00e9es personnelles pendant le temps n\u00e9cessaire pour g\u00e9rer une promotion ou un concours, r\u00e9pondre \u00e0 vos demandes d\u2019information, fournir les services demand\u00e9s, faciliter votre utilisation de notre site web ou encore \u00e0 d\u2019autres fins essentielles, telles que nous conformer \u00e0 nos obligations l\u00e9gales, r\u00e9soudre des diff\u00e9rends et faire respecter nos accords. Nous les conservons ensuite pendant une p\u00e9riode de six (6)\u202fans par la suite \u00e0 des fins d\u2019archivage, d\u2019audit et de proc\u00e9dures juridiques, \u00e0 moins qu\u2019une p\u00e9riode de conservation plus longue ne soit exig\u00e9e ou permise par la loi.<\/p>\n\n\n\n<h2 class=\"wp-block-heading\">Comment prot\u00e9geons-nous vos donn\u00e9es personnelles?<\/h2>\n\n\n\n<p>Nous prenons les mesures appropri\u00e9es pour prot\u00e9ger les donn\u00e9es personnelles contre la perte et le m\u00e9susage, ainsi que l\u2019acc\u00e8s, la divulgation, l\u2019alt\u00e9ration et la destruction non autoris\u00e9s, que ce soit dans le cadre de la transmission ou du stockage des donn\u00e9es. Veuillez toutefois garder \u00e0 l\u2019esprit que la s\u00e9curit\u00e9 absolue n\u2019existe pas et qu\u2019aucune transmission sur internet n\u2019est enti\u00e8rement s\u00e9curis\u00e9e ou exempte d\u2019erreurs.<\/p>\n\n\n\n<h2 class=\"wp-block-heading\">Le choix est \u00e0 vous\u202f: pr\u00e9f\u00e9rences en mati\u00e8re de prise de contact<\/h2>\n\n\n\n<p>Lorsque vous soumettez des donn\u00e9es sur notre site web, vous d\u00e9clarez consentir au traitement de vos donn\u00e9es personnelles aux fins \u00e9nonc\u00e9es ci-dessus (p.\u202fex., r\u00e9ception de bulletins d\u2019information, participation \u00e0 des concours, etc., selon le cas). Vous n\u2019\u00eates pas oblig\u00e9 de fournir un tel consentement et, si vous choisissez de soumettre vos donn\u00e9es personnelles, vous pourrez retirer votre consentement \u00e0 tout moment avec effet futur. Nous souhaitons rester en contact avec vous d\u2019une mani\u00e8re que vous trouverez utile. Si vous souhaitez ne plus recevoir nos communications promotionnelles (par exemple, des renseignements sur d\u2019autres produits et services susceptibles de vous int\u00e9resser), vous \u00eates invit\u00e9 \u00e0 nous en informer en suivant les instructions que nous vous fournirons au moment de l\u2019envoi d\u2019une communication pertinente ou en nous envoyant un courriel \u00e0 l\u2019adresse\u202fDataPrivacy@ejgallo.com.<\/p>\n\n\n\n<p>Gardez \u00e0 l\u2019esprit que ces pr\u00e9f\u00e9rences concernant les prises de contact promotionnelles ne signifient pas que nous serions dans l\u2019impossibilit\u00e9 de communiquer avec vous pour d\u2019autres raisons, notamment dans le cadre d\u2019une demande de votre part, d\u2019un bulletin d\u2019information auquel vous pourriez vous \u00eatre abonn\u00e9, d\u2019un \u00e9v\u00e9nement auquel vous vous \u00eates inscrit, d\u2019un avis exig\u00e9 par la loi, etc.<\/p>\n\n\n\n<h2 class=\"wp-block-heading\">Quelles requ\u00eates pouvez-vous soumettre en lien avec vos donn\u00e9es personnelles?<\/h2>\n\n\n\n<p>Nous honorons les requ\u00eates suivantes de la part des consommateurs\u202f:<\/p>\n\n\n\n<ul class=\"wp-block-list\">\n<li>confirmer si les donn\u00e9es personnelles vous concernant sont trait\u00e9es ou non;<\/li>\n\n\n\n<li>fournir davantage de d\u00e9tails sur la fa\u00e7on dont nous traitons vos donn\u00e9es personnelles;<\/li>\n\n\n\n<li>fournir une copie de toutes les donn\u00e9es que nous d\u00e9tenons vous concernant;<\/li>\n\n\n\n<li>traiter votre consentement comme ayant \u00e9t\u00e9 r\u00e9voqu\u00e9 (lorsque nous nous appuyons sur votre consentement comme base juridique pour le traitement de vos renseignements personnels);<\/li>\n\n\n\n<li>tenir compte de toute objection valide au traitement de vos renseignements personnels (y compris le droit de s\u2019opposer au traitement pour des motifs li\u00e9s \u00e0 votre situation particuli\u00e8re o\u00f9 nous nous appuyons sur nos int\u00e9r\u00eats l\u00e9gitimes comme base juridique du traitement);<\/li>\n\n\n\n<li>mettre \u00e0 jour ou supprimer des donn\u00e9es personnelles inexactes ou incompl\u00e8tes que nous d\u00e9tenons \u00e0 votre sujet;<\/li>\n\n\n\n<li>restreindre la fa\u00e7on dont nous traitons vos donn\u00e9es personnelles; et<\/li>\n\n\n\n<li>consid\u00e9rer comme valide toute demande de transf\u00e9rer vos donn\u00e9es personnelles \u00e0 un fournisseur de services tiers (portabilit\u00e9 des donn\u00e9es).<\/li>\n<\/ul>\n\n\n\n<p>Si vous souhaitez soumettre une requ\u00eate ou si vous avez des questions concernant la confidentialit\u00e9 des donn\u00e9es, veuillez communiquer avec nous par courriel \u00e0 l\u2019adresse\u202f<a href=\"mailto:DataPrivacy@ejgallo.com\" target=\"_blank\" rel=\"noreferrer noopener\">DataPrivacy@ejgallo.com<\/a>.<\/p>\n\n\n\n<p>Veuillez toutefois noter que nous pourrions ne pas \u00eatre en mesure de nous conformer \u00e0 certaines requ\u00eates si d\u2019autres exemptions s\u2019appliquent. Par exemple, si nous devons continuer \u00e0 traiter vos renseignements personnels pour prot\u00e9ger nos int\u00e9r\u00eats l\u00e9gitimes ou nous conformer \u00e0 une obligation juridique. Nous pourrions \u00e9galement vous demander de nous fournir les renseignements n\u00e9cessaires pour confirmer votre identit\u00e9.<\/p>\n\n\n\n<h2 class=\"wp-block-heading\">Modifications apport\u00e9es \u00e0 la pr\u00e9sente politique de confidentialit\u00e9<\/h2>\n\n\n\n<p>La pr\u00e9sente politique de confidentialit\u00e9 peut \u00eatre modifi\u00e9e de temps \u00e0 autre. Veuillez consulter la pr\u00e9sente politique de confidentialit\u00e9 p\u00e9riodiquement pour vous tenir \u00e0 jour de nos proc\u00e9d\u00e9s d\u2019utilisation et de protection de vos renseignements. Si nous d\u00e9tenons votre adresse de courriel dans nos dossiers, nous pourrons \u00e9galement vous envoyer par courriel les d\u00e9tails relatifs \u00e0 ces modifications.<\/p>\n","protected":false},"excerpt":{"rendered":"<p>Date d\u2019entr\u00e9e&nbsp;en&nbsp;vigueur&nbsp;: Octobre\u202f2025 \u00c0 propos de la pr\u00e9sente politique de confidentialit\u00e9 Ce site web appartient \u00e0 E.\u202f&amp; J.\u202fGallo Winery Canada Ltd. (\u00ab\u202fnous\u202f\u00bb, \u00ab\u202fnotre\u202f\u00bb, \u00ab\u202fnos\u202f\u00bb ou \u00ab\u202fGallo\u202f\u00bb). Nous avons \u00e9labor\u00e9 la pr\u00e9sente politique de confidentialit\u00e9 pour vous informer de la fa\u00e7on dont nous recueillons, utilisons et divulguons les donn\u00e9es personnelles des r\u00e9sidents du Canada par l\u2019interm\u00e9diaire [&hellip;]<\/p>\n","protected":false},"author":2,"featured_media":0,"parent":0,"menu_order":0,"comment_status":"closed","ping_status":"closed","template":"","meta":{"_acf_changed":false,"_seopress_robots_primary_cat":"","_seopress_titles_title":"","_seopress_titles_desc":"","_seopress_robots_index":"","footnotes":""},"class_list":["post-1380","page","type-page","status-publish","hentry"],"acf":[],"_links":{"self":[{"href":"https:\/\/www.highnoonspirits.ca\/fr\/wp-json\/wp\/v2\/pages\/1380","targetHints":{"allow":["GET"]}}],"collection":[{"href":"https:\/\/www.highnoonspirits.ca\/fr\/wp-json\/wp\/v2\/pages"}],"about":[{"href":"https:\/\/www.highnoonspirits.ca\/fr\/wp-json\/wp\/v2\/types\/page"}],"author":[{"embeddable":true,"href":"https:\/\/www.highnoonspirits.ca\/fr\/wp-json\/wp\/v2\/users\/2"}],"replies":[{"embeddable":true,"href":"https:\/\/www.highnoonspirits.ca\/fr\/wp-json\/wp\/v2\/comments?post=1380"}],"version-history":[{"count":4,"href":"https:\/\/www.highnoonspirits.ca\/fr\/wp-json\/wp\/v2\/pages\/1380\/revisions"}],"predecessor-version":[{"id":1389,"href":"https:\/\/www.highnoonspirits.ca\/fr\/wp-json\/wp\/v2\/pages\/1380\/revisions\/1389"}],"wp:attachment":[{"href":"https:\/\/www.highnoonspirits.ca\/fr\/wp-json\/wp\/v2\/media?parent=1380"}],"curies":[{"name":"wp","href":"https:\/\/api.w.org\/{rel}","templated":true}]}}