{"id":1225,"date":"2025-10-07T13:51:28","date_gmt":"2025-10-07T17:51:28","guid":{"rendered":"https:\/\/high.igrhost.com\/where-to-buy\/"},"modified":"2025-12-18T10:22:17","modified_gmt":"2025-12-18T15:22:17","slug":"ou-acheter","status":"publish","type":"page","link":"https:\/\/www.highnoonspirits.ca\/fr\/ou-acheter\/","title":{"rendered":"O\u00f9 acheter"},"content":{"rendered":"","protected":false},"excerpt":{"rendered":"","protected":false},"author":2,"featured_media":0,"parent":0,"menu_order":0,"comment_status":"closed","ping_status":"closed","template":"","meta":{"_acf_changed":false,"_seopress_robots_primary_cat":"","_seopress_titles_title":"Trouve High Noon pr\u00e8s de chez vous","_seopress_titles_desc":"Utilise notre localisateur de d\u00e9taillants pour trouver High Noon pr\u00e8s de chez vous.","_seopress_robots_index":"","footnotes":""},"class_list":["post-1225","page","type-page","status-publish","hentry"],"acf":[],"_links":{"self":[{"href":"https:\/\/www.highnoonspirits.ca\/fr\/wp-json\/wp\/v2\/pages\/1225","targetHints":{"allow":["GET"]}}],"collection":[{"href":"https:\/\/www.highnoonspirits.ca\/fr\/wp-json\/wp\/v2\/pages"}],"about":[{"href":"https:\/\/www.highnoonspirits.ca\/fr\/wp-json\/wp\/v2\/types\/page"}],"author":[{"embeddable":true,"href":"https:\/\/www.highnoonspirits.ca\/fr\/wp-json\/wp\/v2\/users\/2"}],"replies":[{"embeddable":true,"href":"https:\/\/www.highnoonspirits.ca\/fr\/wp-json\/wp\/v2\/comments?post=1225"}],"version-history":[{"count":5,"href":"https:\/\/www.highnoonspirits.ca\/fr\/wp-json\/wp\/v2\/pages\/1225\/revisions"}],"predecessor-version":[{"id":1437,"href":"https:\/\/www.highnoonspirits.ca\/fr\/wp-json\/wp\/v2\/pages\/1225\/revisions\/1437"}],"wp:attachment":[{"href":"https:\/\/www.highnoonspirits.ca\/fr\/wp-json\/wp\/v2\/media?parent=1225"}],"curies":[{"name":"wp","href":"https:\/\/api.w.org\/{rel}","templated":true}]}}