{"id":1220,"date":"2025-10-07T14:07:53","date_gmt":"2025-10-07T18:07:53","guid":{"rendered":"https:\/\/high.igrhost.com\/vodka-seltzer\/"},"modified":"2025-12-18T10:18:17","modified_gmt":"2025-12-18T15:18:17","slug":"vodka-seltzer","status":"publish","type":"page","link":"https:\/\/www.highnoonspirits.ca\/fr\/vodka-seltzer\/","title":{"rendered":"High Noon vodka seltzer saveurs"},"content":{"rendered":"","protected":false},"excerpt":{"rendered":"","protected":false},"author":2,"featured_media":0,"parent":0,"menu_order":0,"comment_status":"closed","ping_status":"closed","template":"","meta":{"_acf_changed":false,"_seopress_robots_primary_cat":"","_seopress_titles_title":"Saveurs de vodka seltzers | High Noon","_seopress_titles_desc":"Les seltzers High Noon sont fabriqu\u00e9s avec de la v\u00e9ritable vodka et du vrai jus, ce qui explique leur go\u00fbt frais et net qui se distingue des autres boissons alcoolis\u00e9es. Parfaits pour les barbecues, les matchs de football et l\u2019apr\u00e8s-ski. Explore nos saveurs de boissons \u00e0 la vodka.","_seopress_robots_index":"","footnotes":""},"class_list":["post-1220","page","type-page","status-publish","hentry"],"acf":[],"_links":{"self":[{"href":"https:\/\/www.highnoonspirits.ca\/fr\/wp-json\/wp\/v2\/pages\/1220","targetHints":{"allow":["GET"]}}],"collection":[{"href":"https:\/\/www.highnoonspirits.ca\/fr\/wp-json\/wp\/v2\/pages"}],"about":[{"href":"https:\/\/www.highnoonspirits.ca\/fr\/wp-json\/wp\/v2\/types\/page"}],"author":[{"embeddable":true,"href":"https:\/\/www.highnoonspirits.ca\/fr\/wp-json\/wp\/v2\/users\/2"}],"replies":[{"embeddable":true,"href":"https:\/\/www.highnoonspirits.ca\/fr\/wp-json\/wp\/v2\/comments?post=1220"}],"version-history":[{"count":5,"href":"https:\/\/www.highnoonspirits.ca\/fr\/wp-json\/wp\/v2\/pages\/1220\/revisions"}],"predecessor-version":[{"id":1433,"href":"https:\/\/www.highnoonspirits.ca\/fr\/wp-json\/wp\/v2\/pages\/1220\/revisions\/1433"}],"wp:attachment":[{"href":"https:\/\/www.highnoonspirits.ca\/fr\/wp-json\/wp\/v2\/media?parent=1220"}],"curies":[{"name":"wp","href":"https:\/\/api.w.org\/{rel}","templated":true}]}}